{"id":6300,"date":"2019-12-12T12:24:32","date_gmt":"2019-12-12T12:24:32","guid":{"rendered":"https:\/\/l10brand.com\/custom-accessories\/"},"modified":"2023-09-26T17:05:36","modified_gmt":"2023-09-26T17:05:36","slug":"accesorios-personalizados","status":"publish","type":"page","link":"https:\/\/l10brand.com\/es\/accesorios-personalizados\/","title":{"rendered":"Accesorios Personalizados"},"content":{"rendered":"<p>[vc_section][vc_row full_width=&#8221;stretch_row_content_no_spaces&#8221;][vc_column]<div class=\"vlthemes_custom_69e13ae1c09b3   vlt-simple-image\"><div class=\"vlt-fit-image\" style=\"--size-md: 300px; --size-sm: 30%;\"><img decoding=\"async\" width=\"1280\" height=\"267\" src=\"https:\/\/l10brand.com\/wp-content\/uploads\/2019\/12\/banner-customization-page-2.jpeg\" class=\"\" alt=\"banner-customization-page-2\" srcset=\"https:\/\/l10brand.com\/wp-content\/uploads\/2019\/12\/banner-customization-page-2.jpeg 1280w, https:\/\/l10brand.com\/wp-content\/uploads\/2019\/12\/banner-customization-page-2-300x63.jpeg 300w, https:\/\/l10brand.com\/wp-content\/uploads\/2019\/12\/banner-customization-page-2-1024x214.jpeg 1024w, https:\/\/l10brand.com\/wp-content\/uploads\/2019\/12\/banner-customization-page-2-768x160.jpeg 768w, https:\/\/l10brand.com\/wp-content\/uploads\/2019\/12\/banner-customization-page-2-500x104.jpeg 500w, https:\/\/l10brand.com\/wp-content\/uploads\/2019\/12\/banner-customization-page-2-800x167.jpeg 800w\" loading=\"lazy\" \/><\/div><\/div>[\/vc_column][\/vc_row][vc_row full_width=&#8221;stretch_row&#8221; vlt_shortcode_inside_row=&#8221;`{`vlt_particle image=&#8220;1241&#8220; size=&#8220;leedo-800&#215;600&#8220; y=&#8220;-100&#8220; x=&#8220;0&#8220; spin=&#8220;&#8220; style=&#8220;max-width: 250px; bottom: -65px; left: -30px;&#8220;`}`&#8221; vlt_overflow_hidden=&#8221;&#8221;][vc_column]<div class=\"ult-spacer spacer-69e13ae1c0ca3\" data-id=\"69e13ae1c0ca3\" data-height=\"120\" data-height-mobile=\"60\" data-height-tab=\"120\" data-height-tab-portrait=\"60\" data-height-mobile-landscape=\"120\" style=\"clear:both;display:block;\"><\/div>[\/vc_column][vc_column width=&#8221;5\/12&#8243;]<div class=\"vlthemes_custom_69e13ae1c0cbd   vlt-animation-block\" data-aos=\"fade\" data-aos-delay=\"0\"><div class=\"vlthemes_custom_69e13ae1c0d38   vlt-section-title text-left\"><h2 style=\"color:;\">Accesorios Personalizados.<\/h2><p style=\"color:;\">L10 ofrece un servicio de personalizaci\u00f3n de accesorios de alta tecnolog\u00eda y estilo de vida. No dudes en ponerte en contacto con nosotros para recibir m\u00e1s informaci\u00f3n.<\/p><\/div><\/div><div class=\"ult-spacer spacer-69e13ae1c0d95\" data-id=\"69e13ae1c0d95\" data-height=\"40\" data-height-mobile=\"40\" data-height-tab=\"40\" data-height-tab-portrait=\"\" data-height-mobile-landscape=\"\" style=\"clear:both;display:block;\"><\/div>[vc_column_text]<\/p>\n<ul>\n<li>Algunas de nuestras <span style=\"color: #e99aae;\"><a style=\"color: #e99aae;\" href=\"https:\/\/l10brand.com\/es\/co-labs\/\"><strong>colaboraciones en el pasado<\/strong><\/a><\/span><\/li>\n<li>Nuestro<span style=\"color: #e99aae;\"><a style=\"color: #e99aae;\" href=\"https:\/\/www.mojipower.com\/custom-power-bank\/\"><strong> servicio personalizado de bater\u00edas port\u00e1tiles\u00a0<\/strong><\/a><\/span><\/li>\n<\/ul>\n<p>[\/vc_column_text]<div class=\"ult-spacer spacer-69e13ae1c0dad\" data-id=\"69e13ae1c0dad\" data-height=\"30\" data-height-mobile=\"30\" data-height-tab=\"30\" data-height-tab-portrait=\"\" data-height-mobile-landscape=\"\" style=\"clear:both;display:block;\"><\/div><div class=\"vlthemes_custom_69e13ae1c0dc1   vlt-animation-block\" data-aos=\"fade\" data-aos-delay=\"100\"><ul class=\"vlthemes_custom_69e13ae1c0e39   vlt-contact-info\" style=\"color:;\"><li><strong style=\"color:;\">Phone:<\/strong><a href=\"tel:390302620355\">+39 030 262 0355<\/a><\/li><\/ul>[vc_empty_space height=&#8221;60px&#8221;]<div class=\"vlthemes_custom_69e13ae1c0efe   vlt-social-icons text-left\"><a href=\"https:\/\/www.facebook.com\/L10Trading\/\" target=\"_blank\" class=\" vlt-social-icon vlt-social-icon--style-4 fab fa-facebook-f\"><i class=\"fab fa-facebook-f\"><\/i><\/a><a href=\"https:\/\/www.instagram.com\/l10accessories\/\" target=\"_blank\" class=\" vlt-social-icon vlt-social-icon--style-4 fab fa-instagram\"><i class=\"fab fa-instagram\"><\/i><\/a><a href=\"https:\/\/www.linkedin.com\/company\/l10-trading-srl\/about\/\" target=\"_blank\" class=\" vlt-social-icon vlt-social-icon--style-4 fab fa-linkedin-in\"><i class=\"fab fa-linkedin-in\"><\/i><\/a><\/div><\/div><div class=\"ult-spacer spacer-69e13ae1c0f6b\" data-id=\"69e13ae1c0f6b\" data-height=\"\" data-height-mobile=\"\" data-height-tab=\"\" data-height-tab-portrait=\"60\" data-height-mobile-landscape=\"\" style=\"clear:both;display:block;\"><\/div>[\/vc_column][vc_column width=&#8221;1\/12&#8243;][\/vc_column][vc_column width=&#8221;6\/12&#8243;][vc_raw_html]JTNDZGl2JTIwY2xhc3MlM0QlMjJ3cGJfd3JhcHBlciUyMiUzRSUyMCUwQSUzQ2lmcmFtZSUyMHdpZHRoJTNEJTIyNjAwcHglMjIlMjBoZWlnaHQlM0QlMjI2MDBweCUyMiUyMHNyYyUzRCUyMmh0dHBzJTNBJTJGJTJGNzU0Nzc3NC5leHRmb3Jtcy5uZXRzdWl0ZS5jb20lMkZhcHAlMkZzaXRlJTJGY3JtJTJGZXh0ZXJuYWxsZWFkcGFnZS5ubCUzRmNvbXBpZCUzRDc1NDc3NzQlMjZmb3JtaWQlM0QzJTI2aCUzREFBRmRpa2FJTVRBenl3QTljWXFXSFZJWThsYnJ1WEpUYUF1VmVkcDNocHBESHdHUDgxWSUwQSUyMiUyMGRhdGEtZGFzaGxhbmUtZnJhbWVpZCUzRCUyMjQ1MCUyMiUzRSUwQSUzQyUyRmlmcmFtZSUzRSUwQSUzQyUyRmRpdiUzRQ==[\/vc_raw_html][\/vc_column][vc_column]<div class=\"ult-spacer spacer-69e13ae1c0f80\" data-id=\"69e13ae1c0f80\" data-height=\"120\" data-height-mobile=\"120\" data-height-tab=\"120\" data-height-tab-portrait=\"\" data-height-mobile-landscape=\"\" style=\"clear:both;display:block;\"><\/div>[\/vc_column][\/vc_row][\/vc_section]<\/p>\n<div style='text-align:center' class='yasr-auto-insert-visitor'><\/div>","protected":false},"excerpt":{"rendered":"<p>[vc_section][vc_row full_width=&#8221;stretch_row_content_no_spaces&#8221;][vc_column][\/vc_column][\/vc_row][vc_row full_width=&#8221;stretch_row&#8221; vlt_shortcode_inside_row=&#8221;`{`vlt_particle image=&#8220;1241&#8220; size=&#8220;leedo-800&#215;600&#8220; y=&#8220;-100&#8220; x=&#8220;0&#8220; spin=&#8220;&#8220; style=&#8220;max-width: 250px; bottom: -65px; left: -30px;&#8220;`}`&#8221; vlt_overflow_hidden=&#8221;&#8221;][vc_column][\/vc_column][vc_column width=&#8221;5\/12&#8243;][vc_column_text] Algunas de nuestras colaboraciones en el pasado Nuestro servicio personalizado de bater\u00edas port\u00e1tiles\u00a0 [\/vc_column_text][\/vc_column][vc_column width=&#8221;1\/12&#8243;][\/vc_column][vc_column width=&#8221;6\/12&#8243;][vc_raw_html]JTNDZGl2JTIwY2xhc3MlM0QlMjJ3cGJfd3JhcHBlciUyMiUzRSUyMCUwQSUzQ2lmcmFtZSUyMHdpZHRoJTNEJTIyNjAwcHglMjIlMjBoZWlnaHQlM0QlMjI2MDBweCUyMiUyMHNyYyUzRCUyMmh0dHBzJTNBJTJGJTJGNzU0Nzc3NC5leHRmb3Jtcy5uZXRzdWl0ZS5jb20lMkZhcHAlMkZzaXRlJTJGY3JtJTJGZXh0ZXJuYWxsZWFkcGFnZS5ubCUzRmNvbXBpZCUzRDc1NDc3NzQlMjZmb3JtaWQlM0QzJTI2aCUzREFBRmRpa2FJTVRBenl3QTljWXFXSFZJWThsYnJ1WEpUYUF1VmVkcDNocHBESHdHUDgxWSUwQSUyMiUyMGRhdGEtZGFzaGxhbmUtZnJhbWVpZCUzRCUyMjQ1MCUyMiUzRSUwQSUzQyUyRmlmcmFtZSUzRSUwQSUzQyUyRmRpdiUzRQ==[\/vc_raw_html][\/vc_column][vc_column][\/vc_column][\/vc_row][\/vc_section]<\/p>\n","protected":false},"author":1,"featured_media":6302,"parent":0,"menu_order":47,"comment_status":"closed","ping_status":"closed","template":"template-custom-page.php","meta":{"yasr_overall_rating":0,"yasr_post_is_review":"","yasr_auto_insert_disabled":"","yasr_review_type":"","_vp_format_video_url":"","_vp_image_focal_point":[],"footnotes":""},"class_list":["post-6300","page","type-page","status-publish","has-post-thumbnail","hentry"],"yoast_head":"<!-- This site is optimized with the Yoast SEO plugin v23.4 - https:\/\/yoast.com\/wordpress\/plugins\/seo\/ -->\n<title>Accesorios Personalizados - L10<\/title>\n<meta name=\"description\" content=\"L10 ofrece un servicio de personalizaci\u00f3n de accesorios de alta tecnolog\u00eda y estilo de vida. M\u00c1S INFORMACI\u00d3N &gt;&gt;&gt;\" \/>\n<meta name=\"robots\" content=\"index, follow, max-snippet:-1, max-image-preview:large, max-video-preview:-1\" \/>\n<link rel=\"canonical\" href=\"https:\/\/l10brand.com\/es\/accesorios-personalizados\/\" \/>\n<meta property=\"og:locale\" content=\"es_ES\" \/>\n<meta property=\"og:type\" content=\"article\" \/>\n<meta property=\"og:title\" content=\"Accesorios Personalizados - L10\" \/>\n<meta property=\"og:description\" content=\"L10 ofrece un servicio de personalizaci\u00f3n de accesorios de alta tecnolog\u00eda y estilo de vida. M\u00c1S INFORMACI\u00d3N &gt;&gt;&gt;\" \/>\n<meta property=\"og:url\" content=\"https:\/\/l10brand.com\/es\/accesorios-personalizados\/\" \/>\n<meta property=\"og:site_name\" content=\"L10\" \/>\n<meta property=\"article:modified_time\" content=\"2023-09-26T17:05:36+00:00\" \/>\n<meta property=\"og:image\" content=\"https:\/\/l10brand.com\/wp-content\/uploads\/2018\/09\/clienti.jpg\" \/>\n\t<meta property=\"og:image:width\" content=\"700\" \/>\n\t<meta property=\"og:image:height\" content=\"700\" \/>\n\t<meta property=\"og:image:type\" content=\"image\/jpeg\" \/>\n<meta name=\"twitter:card\" content=\"summary_large_image\" \/>\n<meta name=\"twitter:label1\" content=\"Est. reading time\" \/>\n\t<meta name=\"twitter:data1\" content=\"1 minute\" \/>\n<script type=\"application\/ld+json\" class=\"yoast-schema-graph\">{\"@context\":\"https:\/\/schema.org\",\"@graph\":[{\"@type\":\"WebPage\",\"@id\":\"https:\/\/l10brand.com\/es\/accesorios-personalizados\/\",\"url\":\"https:\/\/l10brand.com\/es\/accesorios-personalizados\/\",\"name\":\"Accesorios Personalizados - L10\",\"isPartOf\":{\"@id\":\"https:\/\/l10brand.com\/#website\"},\"primaryImageOfPage\":{\"@id\":\"https:\/\/l10brand.com\/es\/accesorios-personalizados\/#primaryimage\"},\"image\":{\"@id\":\"https:\/\/l10brand.com\/es\/accesorios-personalizados\/#primaryimage\"},\"thumbnailUrl\":\"https:\/\/l10brand.com\/wp-content\/uploads\/2018\/09\/clienti.jpg\",\"datePublished\":\"2019-12-12T12:24:32+00:00\",\"dateModified\":\"2023-09-26T17:05:36+00:00\",\"description\":\"L10 ofrece un servicio de personalizaci\u00f3n de accesorios de alta tecnolog\u00eda y estilo de vida. M\u00c1S INFORMACI\u00d3N >>>\",\"breadcrumb\":{\"@id\":\"https:\/\/l10brand.com\/es\/accesorios-personalizados\/#breadcrumb\"},\"inLanguage\":\"es-ES\",\"potentialAction\":[{\"@type\":\"ReadAction\",\"target\":[\"https:\/\/l10brand.com\/es\/accesorios-personalizados\/\"]}]},{\"@type\":\"ImageObject\",\"inLanguage\":\"es-ES\",\"@id\":\"https:\/\/l10brand.com\/es\/accesorios-personalizados\/#primaryimage\",\"url\":\"https:\/\/l10brand.com\/wp-content\/uploads\/2018\/09\/clienti.jpg\",\"contentUrl\":\"https:\/\/l10brand.com\/wp-content\/uploads\/2018\/09\/clienti.jpg\",\"width\":700,\"height\":700},{\"@type\":\"BreadcrumbList\",\"@id\":\"https:\/\/l10brand.com\/es\/accesorios-personalizados\/#breadcrumb\",\"itemListElement\":[{\"@type\":\"ListItem\",\"position\":1,\"name\":\"Home\",\"item\":\"https:\/\/l10brand.com\/es\/\"},{\"@type\":\"ListItem\",\"position\":2,\"name\":\"Accesorios Personalizados\"}]},{\"@type\":\"WebSite\",\"@id\":\"https:\/\/l10brand.com\/#website\",\"url\":\"https:\/\/l10brand.com\/\",\"name\":\"L10\",\"description\":\"The Coolest Accessories Worldwide | Distributor\",\"potentialAction\":[{\"@type\":\"SearchAction\",\"target\":{\"@type\":\"EntryPoint\",\"urlTemplate\":\"https:\/\/l10brand.com\/?s={search_term_string}\"},\"query-input\":{\"@type\":\"PropertyValueSpecification\",\"valueRequired\":true,\"valueName\":\"search_term_string\"}}],\"inLanguage\":\"es-ES\"},false]}<\/script>\n<!-- \/ Yoast SEO plugin. -->","yoast_head_json":{"title":"Accesorios Personalizados - L10","description":"L10 ofrece un servicio de personalizaci\u00f3n de accesorios de alta tecnolog\u00eda y estilo de vida. M\u00c1S INFORMACI\u00d3N >>>","robots":{"index":"index","follow":"follow","max-snippet":"max-snippet:-1","max-image-preview":"max-image-preview:large","max-video-preview":"max-video-preview:-1"},"canonical":"https:\/\/l10brand.com\/es\/accesorios-personalizados\/","og_locale":"es_ES","og_type":"article","og_title":"Accesorios Personalizados - L10","og_description":"L10 ofrece un servicio de personalizaci\u00f3n de accesorios de alta tecnolog\u00eda y estilo de vida. M\u00c1S INFORMACI\u00d3N >>>","og_url":"https:\/\/l10brand.com\/es\/accesorios-personalizados\/","og_site_name":"L10","article_modified_time":"2023-09-26T17:05:36+00:00","og_image":[{"width":700,"height":700,"url":"https:\/\/l10brand.com\/wp-content\/uploads\/2018\/09\/clienti.jpg","type":"image\/jpeg"}],"twitter_card":"summary_large_image","twitter_misc":{"Est. reading time":"1 minute"},"schema":{"@context":"https:\/\/schema.org","@graph":[{"@type":"WebPage","@id":"https:\/\/l10brand.com\/es\/accesorios-personalizados\/","url":"https:\/\/l10brand.com\/es\/accesorios-personalizados\/","name":"Accesorios Personalizados - L10","isPartOf":{"@id":"https:\/\/l10brand.com\/#website"},"primaryImageOfPage":{"@id":"https:\/\/l10brand.com\/es\/accesorios-personalizados\/#primaryimage"},"image":{"@id":"https:\/\/l10brand.com\/es\/accesorios-personalizados\/#primaryimage"},"thumbnailUrl":"https:\/\/l10brand.com\/wp-content\/uploads\/2018\/09\/clienti.jpg","datePublished":"2019-12-12T12:24:32+00:00","dateModified":"2023-09-26T17:05:36+00:00","description":"L10 ofrece un servicio de personalizaci\u00f3n de accesorios de alta tecnolog\u00eda y estilo de vida. M\u00c1S INFORMACI\u00d3N >>>","breadcrumb":{"@id":"https:\/\/l10brand.com\/es\/accesorios-personalizados\/#breadcrumb"},"inLanguage":"es-ES","potentialAction":[{"@type":"ReadAction","target":["https:\/\/l10brand.com\/es\/accesorios-personalizados\/"]}]},{"@type":"ImageObject","inLanguage":"es-ES","@id":"https:\/\/l10brand.com\/es\/accesorios-personalizados\/#primaryimage","url":"https:\/\/l10brand.com\/wp-content\/uploads\/2018\/09\/clienti.jpg","contentUrl":"https:\/\/l10brand.com\/wp-content\/uploads\/2018\/09\/clienti.jpg","width":700,"height":700},{"@type":"BreadcrumbList","@id":"https:\/\/l10brand.com\/es\/accesorios-personalizados\/#breadcrumb","itemListElement":[{"@type":"ListItem","position":1,"name":"Home","item":"https:\/\/l10brand.com\/es\/"},{"@type":"ListItem","position":2,"name":"Accesorios Personalizados"}]},{"@type":"WebSite","@id":"https:\/\/l10brand.com\/#website","url":"https:\/\/l10brand.com\/","name":"L10","description":"The Coolest Accessories Worldwide | Distributor","potentialAction":[{"@type":"SearchAction","target":{"@type":"EntryPoint","urlTemplate":"https:\/\/l10brand.com\/?s={search_term_string}"},"query-input":{"@type":"PropertyValueSpecification","valueRequired":true,"valueName":"search_term_string"}}],"inLanguage":"es-ES"},false]}},"yasr_visitor_votes":{"stars_attributes":{"read_only":false,"span_bottom":false},"number_of_votes":0,"sum_votes":0},"_links":{"self":[{"href":"https:\/\/l10brand.com\/es\/wp-json\/wp\/v2\/pages\/6300","targetHints":{"allow":["GET"]}}],"collection":[{"href":"https:\/\/l10brand.com\/es\/wp-json\/wp\/v2\/pages"}],"about":[{"href":"https:\/\/l10brand.com\/es\/wp-json\/wp\/v2\/types\/page"}],"author":[{"embeddable":true,"href":"https:\/\/l10brand.com\/es\/wp-json\/wp\/v2\/users\/1"}],"replies":[{"embeddable":true,"href":"https:\/\/l10brand.com\/es\/wp-json\/wp\/v2\/comments?post=6300"}],"version-history":[{"count":0,"href":"https:\/\/l10brand.com\/es\/wp-json\/wp\/v2\/pages\/6300\/revisions"}],"wp:featuredmedia":[{"embeddable":true,"href":"https:\/\/l10brand.com\/es\/wp-json\/wp\/v2\/media\/6302"}],"wp:attachment":[{"href":"https:\/\/l10brand.com\/es\/wp-json\/wp\/v2\/media?parent=6300"}],"curies":[{"name":"wp","href":"https:\/\/api.w.org\/{rel}","templated":true}]}}