{"id":6295,"date":"2019-11-04T11:38:41","date_gmt":"2019-11-04T11:38:41","guid":{"rendered":"https:\/\/l10brand.com\/distributors-catalogue\/"},"modified":"2023-09-26T17:16:52","modified_gmt":"2023-09-26T17:16:52","slug":"catalogo","status":"publish","type":"page","link":"https:\/\/l10brand.com\/es\/catalogo\/","title":{"rendered":"Cat\u00e1logo"},"content":{"rendered":"<p>[vc_row awb_type=&#8221;image&#8221; awb_stretch=&#8221;1&#8243; awb_image_background_position=&#8221;50% 50%&#8221; awb_image=&#8221;18720&#8243; css=&#8221;.vc_custom_1666680759148{margin-bottom: 10% !important;padding-top: 25% !important;padding-bottom: 25% !important;}&#8221;][vc_column][\/vc_column][\/vc_row][vc_row awb_type=&#8221;image&#8221; awb_stretch=&#8221;1&#8243;][vc_column width=&#8221;1\/2&#8243;][vc_column_text]<\/p>\n<p style=\"text-align: left; font-size: 32px;\"><strong>Solicite nuestro<\/strong><br \/>\n<strong>cat\u00e1logo<\/strong><\/p>\n<p>[\/vc_column_text][vc_column_text]Consulte el cat\u00e1logo de<strong> productos L10 en distribuci\u00f3n. <\/strong><\/p>\n<p><strong>Mas<\/strong> <strong>de 25 marcas<\/strong> alta tecnolog\u00eda y dise\u00f1o perfectas para la moda, la calle, el estilo de vida y el concepto<br \/>\ntiendas, papeler\u00edas y tiendas de regalos.<\/p>\n<p>\u00bfQuiere recibirlo? <strong>Rellena el formulario.<\/strong>[\/vc_column_text][\/vc_column][vc_column width=&#8221;1\/2&#8243;][vc_raw_html]JTNDZGl2JTIwY2xhc3MlM0QlMjJ3cGJfd3JhcHBlciUyMiUzRSUyMCUwQSUzQ2lmcmFtZSUyMHdpZHRoJTNEJTIyNjAwcHglMjIlMjBoZWlnaHQlM0QlMjI2MDBweCUyMiUyMHNyYyUzRCUyMmh0dHBzJTNBJTJGJTJGNzU0Nzc3NC5leHRmb3Jtcy5uZXRzdWl0ZS5jb20lMkZhcHAlMkZzaXRlJTJGY3JtJTJGZXh0ZXJuYWxsZWFkcGFnZS5ubCUzRmNvbXBpZCUzRDc1NDc3NzQlMjZmb3JtaWQlM0QzJTI2aCUzREFBRmRpa2FJTVRBenl3QTljWXFXSFZJWThsYnJ1WEpUYUF1VmVkcDNocHBESHdHUDgxWSUwQSUyMiUyMGRhdGEtZGFzaGxhbmUtZnJhbWVpZCUzRCUyMjQ1MCUyMiUzRSUwQSUzQyUyRmlmcmFtZSUzRSUwQSUzQyUyRmRpdiUzRQ==[\/vc_raw_html][\/vc_column][\/vc_row][vc_row][vc_column]<div class=\"ult-spacer spacer-69deb167a752d\" data-id=\"69deb167a752d\" data-height=\"150\" data-height-mobile=\"60\" data-height-tab=\"120\" data-height-tab-portrait=\"\" data-height-mobile-landscape=\"120\" style=\"clear:both;display:block;\"><\/div>[\/vc_column][\/vc_row]<\/p>\n<div style='text-align:center' class='yasr-auto-insert-visitor'><\/div>","protected":false},"excerpt":{"rendered":"<p>[vc_row awb_type=&#8221;image&#8221; awb_stretch=&#8221;1&#8243; awb_image_background_position=&#8221;50% 50%&#8221; awb_image=&#8221;18720&#8243; css=&#8221;.vc_custom_1666680759148{margin-bottom: 10% !important;padding-top: 25% !important;padding-bottom: 25% !important;}&#8221;][vc_column][\/vc_column][\/vc_row][vc_row awb_type=&#8221;image&#8221; awb_stretch=&#8221;1&#8243;][vc_column width=&#8221;1\/2&#8243;][vc_column_text] Solicite nuestro cat\u00e1logo [\/vc_column_text][vc_column_text]Consulte el cat\u00e1logo de productos L10 en distribuci\u00f3n. Mas de 25 marcas alta tecnolog\u00eda y dise\u00f1o perfectas para la moda, la calle, el estilo de vida y el concepto tiendas, papeler\u00edas y tiendas de regalos. \u00bfQuiere [&hellip;]<\/p>\n","protected":false},"author":1,"featured_media":0,"parent":0,"menu_order":5,"comment_status":"closed","ping_status":"closed","template":"template-custom-page.php","meta":{"yasr_overall_rating":0,"yasr_post_is_review":"","yasr_auto_insert_disabled":"","yasr_review_type":"","_vp_format_video_url":"","_vp_image_focal_point":[],"footnotes":""},"class_list":["post-6295","page","type-page","status-publish","hentry"],"yoast_head":"<!-- This site is optimized with the Yoast SEO plugin v23.4 - https:\/\/yoast.com\/wordpress\/plugins\/seo\/ -->\n<title>L10 | Cat\u00e1logo<\/title>\n<meta name=\"description\" content=\"Consulte el cat\u00e1logo con todos nuestros productos de \u00e9xito y descubra las ventajas de elegir L10. M\u00e1s de 25 marcas de dise\u00f1o y estilo de vida\" \/>\n<meta name=\"robots\" content=\"index, follow, max-snippet:-1, max-image-preview:large, max-video-preview:-1\" \/>\n<link rel=\"canonical\" href=\"https:\/\/l10brand.com\/es\/catalogo\/\" \/>\n<meta property=\"og:locale\" content=\"es_ES\" \/>\n<meta property=\"og:type\" content=\"article\" \/>\n<meta property=\"og:title\" content=\"L10 | Cat\u00e1logo\" \/>\n<meta property=\"og:description\" content=\"Consulte el cat\u00e1logo con todos nuestros productos de \u00e9xito y descubra las ventajas de elegir L10. M\u00e1s de 25 marcas de dise\u00f1o y estilo de vida\" \/>\n<meta property=\"og:url\" content=\"https:\/\/l10brand.com\/es\/catalogo\/\" \/>\n<meta property=\"og:site_name\" content=\"L10\" \/>\n<meta property=\"article:modified_time\" content=\"2023-09-26T17:16:52+00:00\" \/>\n<meta name=\"twitter:card\" content=\"summary_large_image\" \/>\n<meta name=\"twitter:label1\" content=\"Est. reading time\" \/>\n\t<meta name=\"twitter:data1\" content=\"1 minute\" \/>\n<script type=\"application\/ld+json\" class=\"yoast-schema-graph\">{\"@context\":\"https:\/\/schema.org\",\"@graph\":[{\"@type\":\"WebPage\",\"@id\":\"https:\/\/l10brand.com\/es\/catalogo\/\",\"url\":\"https:\/\/l10brand.com\/es\/catalogo\/\",\"name\":\"L10 | Cat\u00e1logo\",\"isPartOf\":{\"@id\":\"https:\/\/l10brand.com\/#website\"},\"datePublished\":\"2019-11-04T11:38:41+00:00\",\"dateModified\":\"2023-09-26T17:16:52+00:00\",\"description\":\"Consulte el cat\u00e1logo con todos nuestros productos de \u00e9xito y descubra las ventajas de elegir L10. M\u00e1s de 25 marcas de dise\u00f1o y estilo de vida\",\"breadcrumb\":{\"@id\":\"https:\/\/l10brand.com\/es\/catalogo\/#breadcrumb\"},\"inLanguage\":\"es-ES\",\"potentialAction\":[{\"@type\":\"ReadAction\",\"target\":[\"https:\/\/l10brand.com\/es\/catalogo\/\"]}]},{\"@type\":\"BreadcrumbList\",\"@id\":\"https:\/\/l10brand.com\/es\/catalogo\/#breadcrumb\",\"itemListElement\":[{\"@type\":\"ListItem\",\"position\":1,\"name\":\"Home\",\"item\":\"https:\/\/l10brand.com\/es\/\"},{\"@type\":\"ListItem\",\"position\":2,\"name\":\"Cat\u00e1logo\"}]},{\"@type\":\"WebSite\",\"@id\":\"https:\/\/l10brand.com\/#website\",\"url\":\"https:\/\/l10brand.com\/\",\"name\":\"L10\",\"description\":\"The Coolest Accessories Worldwide | Distributor\",\"potentialAction\":[{\"@type\":\"SearchAction\",\"target\":{\"@type\":\"EntryPoint\",\"urlTemplate\":\"https:\/\/l10brand.com\/?s={search_term_string}\"},\"query-input\":{\"@type\":\"PropertyValueSpecification\",\"valueRequired\":true,\"valueName\":\"search_term_string\"}}],\"inLanguage\":\"es-ES\"},false]}<\/script>\n<!-- \/ Yoast SEO plugin. -->","yoast_head_json":{"title":"L10 | Cat\u00e1logo","description":"Consulte el cat\u00e1logo con todos nuestros productos de \u00e9xito y descubra las ventajas de elegir L10. M\u00e1s de 25 marcas de dise\u00f1o y estilo de vida","robots":{"index":"index","follow":"follow","max-snippet":"max-snippet:-1","max-image-preview":"max-image-preview:large","max-video-preview":"max-video-preview:-1"},"canonical":"https:\/\/l10brand.com\/es\/catalogo\/","og_locale":"es_ES","og_type":"article","og_title":"L10 | Cat\u00e1logo","og_description":"Consulte el cat\u00e1logo con todos nuestros productos de \u00e9xito y descubra las ventajas de elegir L10. M\u00e1s de 25 marcas de dise\u00f1o y estilo de vida","og_url":"https:\/\/l10brand.com\/es\/catalogo\/","og_site_name":"L10","article_modified_time":"2023-09-26T17:16:52+00:00","twitter_card":"summary_large_image","twitter_misc":{"Est. reading time":"1 minute"},"schema":{"@context":"https:\/\/schema.org","@graph":[{"@type":"WebPage","@id":"https:\/\/l10brand.com\/es\/catalogo\/","url":"https:\/\/l10brand.com\/es\/catalogo\/","name":"L10 | Cat\u00e1logo","isPartOf":{"@id":"https:\/\/l10brand.com\/#website"},"datePublished":"2019-11-04T11:38:41+00:00","dateModified":"2023-09-26T17:16:52+00:00","description":"Consulte el cat\u00e1logo con todos nuestros productos de \u00e9xito y descubra las ventajas de elegir L10. M\u00e1s de 25 marcas de dise\u00f1o y estilo de vida","breadcrumb":{"@id":"https:\/\/l10brand.com\/es\/catalogo\/#breadcrumb"},"inLanguage":"es-ES","potentialAction":[{"@type":"ReadAction","target":["https:\/\/l10brand.com\/es\/catalogo\/"]}]},{"@type":"BreadcrumbList","@id":"https:\/\/l10brand.com\/es\/catalogo\/#breadcrumb","itemListElement":[{"@type":"ListItem","position":1,"name":"Home","item":"https:\/\/l10brand.com\/es\/"},{"@type":"ListItem","position":2,"name":"Cat\u00e1logo"}]},{"@type":"WebSite","@id":"https:\/\/l10brand.com\/#website","url":"https:\/\/l10brand.com\/","name":"L10","description":"The Coolest Accessories Worldwide | Distributor","potentialAction":[{"@type":"SearchAction","target":{"@type":"EntryPoint","urlTemplate":"https:\/\/l10brand.com\/?s={search_term_string}"},"query-input":{"@type":"PropertyValueSpecification","valueRequired":true,"valueName":"search_term_string"}}],"inLanguage":"es-ES"},false]}},"yasr_visitor_votes":{"stars_attributes":{"read_only":false,"span_bottom":false},"number_of_votes":0,"sum_votes":0},"_links":{"self":[{"href":"https:\/\/l10brand.com\/es\/wp-json\/wp\/v2\/pages\/6295","targetHints":{"allow":["GET"]}}],"collection":[{"href":"https:\/\/l10brand.com\/es\/wp-json\/wp\/v2\/pages"}],"about":[{"href":"https:\/\/l10brand.com\/es\/wp-json\/wp\/v2\/types\/page"}],"author":[{"embeddable":true,"href":"https:\/\/l10brand.com\/es\/wp-json\/wp\/v2\/users\/1"}],"replies":[{"embeddable":true,"href":"https:\/\/l10brand.com\/es\/wp-json\/wp\/v2\/comments?post=6295"}],"version-history":[{"count":0,"href":"https:\/\/l10brand.com\/es\/wp-json\/wp\/v2\/pages\/6295\/revisions"}],"wp:attachment":[{"href":"https:\/\/l10brand.com\/es\/wp-json\/wp\/v2\/media?parent=6295"}],"curies":[{"name":"wp","href":"https:\/\/api.w.org\/{rel}","templated":true}]}}